{"id":12,"date":"2024-06-04T16:12:00","date_gmt":"2024-06-04T16:12:00","guid":{"rendered":"https:\/\/mindfeeling.fi\/?page_id=12"},"modified":"2025-01-01T15:40:27","modified_gmt":"2025-01-01T15:40:27","slug":"ota-yhteytta","status":"publish","type":"page","link":"https:\/\/mindfeeling.fi\/index.php\/ota-yhteytta\/","title":{"rendered":"Ota yhteytt\u00e4"},"content":{"rendered":"\n<p>Hyvinvointisivusto toimii verkossa, joten yhteydenotto, sis\u00e4lt\u00f6vinkit Mindfeelingille, ensisijaisesti s\u00e4hk\u00f6postitse <a href=\"mailto:info.mindfeeling@gmail.com\" target=\"_blank\" rel=\"noreferrer noopener\">info.mindfeeling@gmail.com<\/a> kautta. <br>Tavoitat my\u00f6s numerosta 044 549 7182<br>Voit ottaa yhteytt\u00e4 my\u00f6s LinkedIn kautta<br><a href=\"https:\/\/www.linkedin.com\/in\/sari-summanen-37a5a499\/\" target=\"_blank\" rel=\"noreferrer noopener\">www.linkedin.com\/in\/sari-summanen-37a5a499<\/a><\/p>\n\n\n\n<p><\/p>\n","protected":false},"excerpt":{"rendered":"<p>Hyvinvointisivusto toimii verkossa, joten yhteydenotto, sis\u00e4lt\u00f6vinkit Mindfeelingille, ensisijaisesti s\u00e4hk\u00f6postitse info.mindfeeling@gmail.com kautta. Tavoitat my\u00f6s numerosta 044 549 7182Voit ottaa yhteytt\u00e4 my\u00f6s LinkedIn kauttawww.linkedin.com\/in\/sari-summanen-37a5a499<\/p>\n","protected":false},"author":1,"featured_media":0,"parent":0,"menu_order":0,"comment_status":"closed","ping_status":"closed","template":"","meta":{"footnotes":""},"class_list":["post-12","page","type-page","status-publish","hentry"],"_links":{"self":[{"href":"https:\/\/mindfeeling.fi\/index.php\/wp-json\/wp\/v2\/pages\/12","targetHints":{"allow":["GET"]}}],"collection":[{"href":"https:\/\/mindfeeling.fi\/index.php\/wp-json\/wp\/v2\/pages"}],"about":[{"href":"https:\/\/mindfeeling.fi\/index.php\/wp-json\/wp\/v2\/types\/page"}],"author":[{"embeddable":true,"href":"https:\/\/mindfeeling.fi\/index.php\/wp-json\/wp\/v2\/users\/1"}],"replies":[{"embeddable":true,"href":"https:\/\/mindfeeling.fi\/index.php\/wp-json\/wp\/v2\/comments?post=12"}],"version-history":[{"count":9,"href":"https:\/\/mindfeeling.fi\/index.php\/wp-json\/wp\/v2\/pages\/12\/revisions"}],"predecessor-version":[{"id":197,"href":"https:\/\/mindfeeling.fi\/index.php\/wp-json\/wp\/v2\/pages\/12\/revisions\/197"}],"wp:attachment":[{"href":"https:\/\/mindfeeling.fi\/index.php\/wp-json\/wp\/v2\/media?parent=12"}],"curies":[{"name":"wp","href":"https:\/\/api.w.org\/{rel}","templated":true}]}}